{"id":26,"date":"2020-01-30T11:20:11","date_gmt":"2020-01-30T10:20:11","guid":{"rendered":"http:\/\/rabe-nelte-kanzlei.eu\/?page_id=26"},"modified":"2020-05-13T10:34:27","modified_gmt":"2020-05-13T09:34:27","slug":"impressum","status":"publish","type":"page","link":"https:\/\/anwalt-rabe.de\/?page_id=26","title":{"rendered":"Impressum"},"content":{"rendered":"\n<p>Beate Rabe<br>Bahnhofstra\u00dfe 63, D 65185 Wiesbaden<br>Telefon 0611 \/ 900 6 777, Fax 0611 \/ 900 6 770<br>eMail: info@rabe-nelte-kanzlei.eu<br>UstNr.: 043 859 04606<br><br>Gesetzliche Berufsbezeichnung:<br>Rechtsanw\u00e4ltin<br><br>Zust\u00e4ndige Aufsichtsbeh\u00f6rde:<br>Rechtsanwaltskammer Frankfurt am Main<br>Bockenheimer Anlage 36, D 60322 Frankfurt am Main<br>Telefon 069\/170098-01, Fax 069\/170098-50<\/p>\n\n\n\n<hr class=\"wp-block-separator\"\/>\n\n\n\n<p>Soweit auf der Homepage Inhalte sind, welche dem Urheberrecht  widersprechen, bitten wir Sie dies uns umgehend mitzuteilen, damit diese  nach Pr\u00fcfung entfernt werden k\u00f6nnen.<\/p>\n\n\n\n<p>Weiterhin distanzieren wir uns haftungsrechtlich von den Inhalten  auf verwiesenen Homepages, da wir diese nicht kontrollieren k\u00f6nnen. F\u00fcr  Fremdinhalte ist daher ausschlie\u00dflich der jeweilige Betreiber zust\u00e4ndig.  Wir bitten Sie jedoch uns eventuelle Kritikpunkte mitzuteilen.<\/p>\n\n\n\n<p>Die Zusammenstellung und Pflege unseres Internetauftritts erfolgt  sehr sorgf\u00e4ltig. Es wird jedoch keine Gew\u00e4hr f\u00fcr Aktualit\u00e4t,  Richtigkeit, Vollst\u00e4ndigkeit oder Qualit\u00e4t und jederzeitige  Verf\u00fcgbarkeit der bereitgestellten Informationen \u00fcbernommen. Die  Rechtsanwaltskanzlei Nelte Rabe schlie\u00dft deshalb eine Haftung f\u00fcr  Verlust oder Sch\u00e4den jeder Art, die direkt oder indirekt aus der Nutzung  dieses Internetangebotes entstehen, aus. Mit der reinen Nutzung dieser  Webseite kommt kein Vertragsverh\u00e4ltnis zwischen dem Nutzer und der  Rechtsanwaltskanzlei Nelte Rabe zustande.<\/p>\n\n\n\n<p>Die auf diesen Seiten ver\u00f6ffentlichen Inhalte unterliegen dem  Urheber- und Leistungsschutzrecht. Falls eine Nutzung in einem anderen  Zusammenhang (Kopien oder inhaltliche \u00dcbernahme) durchgef\u00fchrt werden  soll, setzen Sie sich mit uns bitte vorher in Verbindung. <\/p>\n","protected":false},"excerpt":{"rendered":"<p>Beate RabeBahnhofstra\u00dfe 63, D 65185 WiesbadenTelefon 0611 \/ 900 6 777, Fax 0611 \/ 900 6 770eMail: info@rabe-nelte-kanzlei.euUstNr.: 043 859 04606 Gesetzliche Berufsbezeichnung:Rechtsanw\u00e4ltin Zust\u00e4ndige Aufsichtsbeh\u00f6rde:Rechtsanwaltskammer Frankfurt am MainBockenheimer Anlage 36, D 60322 Frankfurt am MainTelefon 069\/170098-01, Fax 069\/170098-50 Soweit auf der Homepage Inhalte sind, welche dem Urheberrecht widersprechen, bitten wir Sie dies uns umgehend mitzuteilen,&hellip; <\/p>\n","protected":false},"author":1,"featured_media":109,"parent":0,"menu_order":0,"comment_status":"closed","ping_status":"closed","template":"","meta":{"footnotes":""},"class_list":["post-26","page","type-page","status-publish","has-post-thumbnail","hentry"],"yoast_head":"<!-- This site is optimized with the Yoast SEO plugin v27.5 - https:\/\/yoast.com\/product\/yoast-seo-wordpress\/ -->\n<title>Impressum - Rechtsanw\u00e4ltin Beate Rabe<\/title>\n<meta name=\"robots\" content=\"index, follow, max-snippet:-1, max-image-preview:large, max-video-preview:-1\" \/>\n<link rel=\"canonical\" href=\"https:\/\/anwalt-rabe.de\/?page_id=26\" \/>\n<meta property=\"og:locale\" content=\"de_DE\" \/>\n<meta property=\"og:type\" content=\"article\" \/>\n<meta property=\"og:title\" content=\"Impressum - Rechtsanw\u00e4ltin Beate Rabe\" \/>\n<meta property=\"og:description\" content=\"Beate RabeBahnhofstra\u00dfe 63, D 65185 WiesbadenTelefon 0611 \/ 900 6 777, Fax 0611 \/ 900 6 770eMail: info@rabe-nelte-kanzlei.euUstNr.: 043 859 04606 Gesetzliche Berufsbezeichnung:Rechtsanw\u00e4ltin Zust\u00e4ndige Aufsichtsbeh\u00f6rde:Rechtsanwaltskammer Frankfurt am MainBockenheimer Anlage 36, D 60322 Frankfurt am MainTelefon 069\/170098-01, Fax 069\/170098-50 Soweit auf der Homepage Inhalte sind, welche dem Urheberrecht widersprechen, bitten wir Sie dies uns umgehend mitzuteilen,&hellip;\" \/>\n<meta property=\"og:url\" content=\"https:\/\/anwalt-rabe.de\/?page_id=26\" \/>\n<meta property=\"og:site_name\" content=\"Rechtsanw\u00e4ltin Beate Rabe\" \/>\n<meta property=\"article:modified_time\" content=\"2020-05-13T09:34:27+00:00\" \/>\n<meta property=\"og:image\" content=\"https:\/\/anwalt-rabe.de\/wp-content\/uploads\/2020\/05\/ballpen-blur-close-up-computer-scaled-1.jpg\" \/>\n\t<meta property=\"og:image:width\" content=\"600\" \/>\n\t<meta property=\"og:image:height\" content=\"400\" \/>\n\t<meta property=\"og:image:type\" content=\"image\/jpeg\" \/>\n<meta name=\"twitter:card\" content=\"summary_large_image\" \/>\n<meta name=\"twitter:label1\" content=\"Gesch\u00e4tzte Lesezeit\" \/>\n\t<meta name=\"twitter:data1\" content=\"1\u00a0Minute\" \/>\n<script type=\"application\/ld+json\" class=\"yoast-schema-graph\">{\"@context\":\"https:\\\/\\\/schema.org\",\"@graph\":[{\"@type\":\"WebPage\",\"@id\":\"https:\\\/\\\/anwalt-rabe.de\\\/?page_id=26\",\"url\":\"https:\\\/\\\/anwalt-rabe.de\\\/?page_id=26\",\"name\":\"Impressum - Rechtsanw\u00e4ltin Beate Rabe\",\"isPartOf\":{\"@id\":\"https:\\\/\\\/anwalt-rabe.de\\\/#website\"},\"primaryImageOfPage\":{\"@id\":\"https:\\\/\\\/anwalt-rabe.de\\\/?page_id=26#primaryimage\"},\"image\":{\"@id\":\"https:\\\/\\\/anwalt-rabe.de\\\/?page_id=26#primaryimage\"},\"thumbnailUrl\":\"https:\\\/\\\/anwalt-rabe.de\\\/wp-content\\\/uploads\\\/2020\\\/05\\\/ballpen-blur-close-up-computer-scaled-1.jpg\",\"datePublished\":\"2020-01-30T10:20:11+00:00\",\"dateModified\":\"2020-05-13T09:34:27+00:00\",\"breadcrumb\":{\"@id\":\"https:\\\/\\\/anwalt-rabe.de\\\/?page_id=26#breadcrumb\"},\"inLanguage\":\"de\",\"potentialAction\":[{\"@type\":\"ReadAction\",\"target\":[\"https:\\\/\\\/anwalt-rabe.de\\\/?page_id=26\"]}]},{\"@type\":\"ImageObject\",\"inLanguage\":\"de\",\"@id\":\"https:\\\/\\\/anwalt-rabe.de\\\/?page_id=26#primaryimage\",\"url\":\"https:\\\/\\\/anwalt-rabe.de\\\/wp-content\\\/uploads\\\/2020\\\/05\\\/ballpen-blur-close-up-computer-scaled-1.jpg\",\"contentUrl\":\"https:\\\/\\\/anwalt-rabe.de\\\/wp-content\\\/uploads\\\/2020\\\/05\\\/ballpen-blur-close-up-computer-scaled-1.jpg\",\"width\":600,\"height\":400},{\"@type\":\"BreadcrumbList\",\"@id\":\"https:\\\/\\\/anwalt-rabe.de\\\/?page_id=26#breadcrumb\",\"itemListElement\":[{\"@type\":\"ListItem\",\"position\":1,\"name\":\"Startseite\",\"item\":\"https:\\\/\\\/anwalt-rabe.de\\\/\"},{\"@type\":\"ListItem\",\"position\":2,\"name\":\"Impressum\"}]},{\"@type\":\"WebSite\",\"@id\":\"https:\\\/\\\/anwalt-rabe.de\\\/#website\",\"url\":\"https:\\\/\\\/anwalt-rabe.de\\\/\",\"name\":\"Rechtsanw\u00e4ltin Beate Rabe\",\"description\":\"Rechtsanwaltskanzlei Rabe Nelte Wiesbaden\",\"publisher\":{\"@id\":\"https:\\\/\\\/anwalt-rabe.de\\\/#organization\"},\"potentialAction\":[{\"@type\":\"SearchAction\",\"target\":{\"@type\":\"EntryPoint\",\"urlTemplate\":\"https:\\\/\\\/anwalt-rabe.de\\\/?s={search_term_string}\"},\"query-input\":{\"@type\":\"PropertyValueSpecification\",\"valueRequired\":true,\"valueName\":\"search_term_string\"}}],\"inLanguage\":\"de\"},{\"@type\":\"Organization\",\"@id\":\"https:\\\/\\\/anwalt-rabe.de\\\/#organization\",\"name\":\"Rechtsanw\u00e4ltin Beate Rabe\",\"url\":\"https:\\\/\\\/anwalt-rabe.de\\\/\",\"logo\":{\"@type\":\"ImageObject\",\"inLanguage\":\"de\",\"@id\":\"https:\\\/\\\/anwalt-rabe.de\\\/#\\\/schema\\\/logo\\\/image\\\/\",\"url\":\"https:\\\/\\\/anwalt-rabe.de\\\/wp-content\\\/uploads\\\/2020\\\/05\\\/Family-2-e1589318976816.jpg\",\"contentUrl\":\"https:\\\/\\\/anwalt-rabe.de\\\/wp-content\\\/uploads\\\/2020\\\/05\\\/Family-2-e1589318976816.jpg\",\"width\":600,\"height\":400,\"caption\":\"Rechtsanw\u00e4ltin Beate Rabe\"},\"image\":{\"@id\":\"https:\\\/\\\/anwalt-rabe.de\\\/#\\\/schema\\\/logo\\\/image\\\/\"}}]}<\/script>\n<!-- \/ Yoast SEO plugin. -->","yoast_head_json":{"title":"Impressum - Rechtsanw\u00e4ltin Beate Rabe","robots":{"index":"index","follow":"follow","max-snippet":"max-snippet:-1","max-image-preview":"max-image-preview:large","max-video-preview":"max-video-preview:-1"},"canonical":"https:\/\/anwalt-rabe.de\/?page_id=26","og_locale":"de_DE","og_type":"article","og_title":"Impressum - Rechtsanw\u00e4ltin Beate Rabe","og_description":"Beate RabeBahnhofstra\u00dfe 63, D 65185 WiesbadenTelefon 0611 \/ 900 6 777, Fax 0611 \/ 900 6 770eMail: info@rabe-nelte-kanzlei.euUstNr.: 043 859 04606 Gesetzliche Berufsbezeichnung:Rechtsanw\u00e4ltin Zust\u00e4ndige Aufsichtsbeh\u00f6rde:Rechtsanwaltskammer Frankfurt am MainBockenheimer Anlage 36, D 60322 Frankfurt am MainTelefon 069\/170098-01, Fax 069\/170098-50 Soweit auf der Homepage Inhalte sind, welche dem Urheberrecht widersprechen, bitten wir Sie dies uns umgehend mitzuteilen,&hellip;","og_url":"https:\/\/anwalt-rabe.de\/?page_id=26","og_site_name":"Rechtsanw\u00e4ltin Beate Rabe","article_modified_time":"2020-05-13T09:34:27+00:00","og_image":[{"width":600,"height":400,"url":"https:\/\/anwalt-rabe.de\/wp-content\/uploads\/2020\/05\/ballpen-blur-close-up-computer-scaled-1.jpg","type":"image\/jpeg"}],"twitter_card":"summary_large_image","twitter_misc":{"Gesch\u00e4tzte Lesezeit":"1\u00a0Minute"},"schema":{"@context":"https:\/\/schema.org","@graph":[{"@type":"WebPage","@id":"https:\/\/anwalt-rabe.de\/?page_id=26","url":"https:\/\/anwalt-rabe.de\/?page_id=26","name":"Impressum - Rechtsanw\u00e4ltin Beate Rabe","isPartOf":{"@id":"https:\/\/anwalt-rabe.de\/#website"},"primaryImageOfPage":{"@id":"https:\/\/anwalt-rabe.de\/?page_id=26#primaryimage"},"image":{"@id":"https:\/\/anwalt-rabe.de\/?page_id=26#primaryimage"},"thumbnailUrl":"https:\/\/anwalt-rabe.de\/wp-content\/uploads\/2020\/05\/ballpen-blur-close-up-computer-scaled-1.jpg","datePublished":"2020-01-30T10:20:11+00:00","dateModified":"2020-05-13T09:34:27+00:00","breadcrumb":{"@id":"https:\/\/anwalt-rabe.de\/?page_id=26#breadcrumb"},"inLanguage":"de","potentialAction":[{"@type":"ReadAction","target":["https:\/\/anwalt-rabe.de\/?page_id=26"]}]},{"@type":"ImageObject","inLanguage":"de","@id":"https:\/\/anwalt-rabe.de\/?page_id=26#primaryimage","url":"https:\/\/anwalt-rabe.de\/wp-content\/uploads\/2020\/05\/ballpen-blur-close-up-computer-scaled-1.jpg","contentUrl":"https:\/\/anwalt-rabe.de\/wp-content\/uploads\/2020\/05\/ballpen-blur-close-up-computer-scaled-1.jpg","width":600,"height":400},{"@type":"BreadcrumbList","@id":"https:\/\/anwalt-rabe.de\/?page_id=26#breadcrumb","itemListElement":[{"@type":"ListItem","position":1,"name":"Startseite","item":"https:\/\/anwalt-rabe.de\/"},{"@type":"ListItem","position":2,"name":"Impressum"}]},{"@type":"WebSite","@id":"https:\/\/anwalt-rabe.de\/#website","url":"https:\/\/anwalt-rabe.de\/","name":"Rechtsanw\u00e4ltin Beate Rabe","description":"Rechtsanwaltskanzlei Rabe Nelte Wiesbaden","publisher":{"@id":"https:\/\/anwalt-rabe.de\/#organization"},"potentialAction":[{"@type":"SearchAction","target":{"@type":"EntryPoint","urlTemplate":"https:\/\/anwalt-rabe.de\/?s={search_term_string}"},"query-input":{"@type":"PropertyValueSpecification","valueRequired":true,"valueName":"search_term_string"}}],"inLanguage":"de"},{"@type":"Organization","@id":"https:\/\/anwalt-rabe.de\/#organization","name":"Rechtsanw\u00e4ltin Beate Rabe","url":"https:\/\/anwalt-rabe.de\/","logo":{"@type":"ImageObject","inLanguage":"de","@id":"https:\/\/anwalt-rabe.de\/#\/schema\/logo\/image\/","url":"https:\/\/anwalt-rabe.de\/wp-content\/uploads\/2020\/05\/Family-2-e1589318976816.jpg","contentUrl":"https:\/\/anwalt-rabe.de\/wp-content\/uploads\/2020\/05\/Family-2-e1589318976816.jpg","width":600,"height":400,"caption":"Rechtsanw\u00e4ltin Beate Rabe"},"image":{"@id":"https:\/\/anwalt-rabe.de\/#\/schema\/logo\/image\/"}}]}},"_links":{"self":[{"href":"https:\/\/anwalt-rabe.de\/index.php?rest_route=\/wp\/v2\/pages\/26","targetHints":{"allow":["GET"]}}],"collection":[{"href":"https:\/\/anwalt-rabe.de\/index.php?rest_route=\/wp\/v2\/pages"}],"about":[{"href":"https:\/\/anwalt-rabe.de\/index.php?rest_route=\/wp\/v2\/types\/page"}],"author":[{"embeddable":true,"href":"https:\/\/anwalt-rabe.de\/index.php?rest_route=\/wp\/v2\/users\/1"}],"replies":[{"embeddable":true,"href":"https:\/\/anwalt-rabe.de\/index.php?rest_route=%2Fwp%2Fv2%2Fcomments&post=26"}],"version-history":[{"count":1,"href":"https:\/\/anwalt-rabe.de\/index.php?rest_route=\/wp\/v2\/pages\/26\/revisions"}],"predecessor-version":[{"id":27,"href":"https:\/\/anwalt-rabe.de\/index.php?rest_route=\/wp\/v2\/pages\/26\/revisions\/27"}],"wp:featuredmedia":[{"embeddable":true,"href":"https:\/\/anwalt-rabe.de\/index.php?rest_route=\/wp\/v2\/media\/109"}],"wp:attachment":[{"href":"https:\/\/anwalt-rabe.de\/index.php?rest_route=%2Fwp%2Fv2%2Fmedia&parent=26"}],"curies":[{"name":"wp","href":"https:\/\/api.w.org\/{rel}","templated":true}]}}