{"id":31,"date":"2020-05-12T21:58:42","date_gmt":"2020-05-12T20:58:42","guid":{"rendered":"http:\/\/rabe-nelte-kanzlei.eu\/?page_id=31"},"modified":"2020-05-27T11:38:01","modified_gmt":"2020-05-27T10:38:01","slug":"ueber-mich","status":"publish","type":"page","link":"https:\/\/anwalt-rabe.de\/?page_id=31","title":{"rendered":"\u00dcber mich"},"content":{"rendered":"\n<p>                                                                                                                                      Das Studium der Rechtswissenschaften absolvierte ich in Marburg und das Rechtsreferat in Darmstadt mit einer Station beim Oberlandesgericht in Frankfurt am Main. Nach meiner Anwaltszulassung arbeitete ich zun\u00e4chst mehrere Jahre bei der Kanzlei Aschoff, D\u00f6ll &amp; Partner in Darmstadt, bevor ich familienbedingt meine T\u00e4tigkeit in Nordhessen als selbstst\u00e4ndige Anw\u00e4ltin fortsetzte. Nach einer Familienauszeit und einem mehrj\u00e4hrigen Auslandsaufenthalt in England, in dem ich umfangreiche Sprachkenntnisse sammeln konnte, arbeitete ich mehrere Jahre als selbstst\u00e4ndige Lektorin beim Verlag Vieweg &amp; Gabler in Wiesbaden, wo ich unter anderem an der Ausgabe des Wirtschaftslexikons von Gabler mitarbeiten durfte.<\/p>\n\n\n\n<p>Im Jahr 2010 habe ich mich wieder dem Anwaltsberuf zugewendet und nahm eine Anstellung bei der Kanzlei Georg Oedekoven in Wiesbaden an, welche sich auf das Gebiet des Ausl\u00e4nder- und Asylrechts spezialisiert hatte. Da mir die T\u00e4tigkeit in diesem besonderen Gebiet sehr gefiel, habe ich die Chance im Jahr 2016 gerne genutzt, die Fachanwaltschaft f\u00fcr den Bereich Migrationsrecht zu erwerben. Seit Mai 2017 f\u00fchre ich den Titel.<\/p>\n\n\n\n<p>Nach dem \u00fcberraschenden Tod meines gesch\u00e4tzten Kollegen habe ich die Kanzlei \u00fcbernommen und f\u00fchre diese nun gemeinsam in B\u00fcrogemeinschaft mit dem Kollegen Martin Nelte.<\/p>\n","protected":false},"excerpt":{"rendered":"<p>Das Studium der Rechtswissenschaften absolvierte ich in Marburg und das Rechtsreferat in Darmstadt mit einer Station beim Oberlandesgericht in Frankfurt am Main. Nach meiner Anwaltszulassung arbeitete ich zun\u00e4chst mehrere Jahre bei der Kanzlei Aschoff, D\u00f6ll &amp; Partner in Darmstadt, bevor ich familienbedingt meine T\u00e4tigkeit in Nordhessen als selbstst\u00e4ndige Anw\u00e4ltin fortsetzte. Nach einer Familienauszeit und einem&hellip; <\/p>\n","protected":false},"author":2,"featured_media":50,"parent":0,"menu_order":0,"comment_status":"closed","ping_status":"closed","template":"","meta":{"footnotes":""},"class_list":["post-31","page","type-page","status-publish","has-post-thumbnail","hentry"],"yoast_head":"<!-- This site is optimized with the Yoast SEO plugin v27.5 - https:\/\/yoast.com\/product\/yoast-seo-wordpress\/ -->\n<title>\u00dcber mich - Rechtsanw\u00e4ltin Beate Rabe<\/title>\n<meta name=\"robots\" content=\"index, follow, max-snippet:-1, max-image-preview:large, max-video-preview:-1\" \/>\n<link rel=\"canonical\" href=\"https:\/\/anwalt-rabe.de\/?page_id=31\" \/>\n<meta property=\"og:locale\" content=\"de_DE\" \/>\n<meta property=\"og:type\" content=\"article\" \/>\n<meta property=\"og:title\" content=\"\u00dcber mich - Rechtsanw\u00e4ltin Beate Rabe\" \/>\n<meta property=\"og:description\" content=\"Das Studium der Rechtswissenschaften absolvierte ich in Marburg und das Rechtsreferat in Darmstadt mit einer Station beim Oberlandesgericht in Frankfurt am Main. Nach meiner Anwaltszulassung arbeitete ich zun\u00e4chst mehrere Jahre bei der Kanzlei Aschoff, D\u00f6ll &amp; Partner in Darmstadt, bevor ich familienbedingt meine T\u00e4tigkeit in Nordhessen als selbstst\u00e4ndige Anw\u00e4ltin fortsetzte. Nach einer Familienauszeit und einem&hellip;\" \/>\n<meta property=\"og:url\" content=\"https:\/\/anwalt-rabe.de\/?page_id=31\" \/>\n<meta property=\"og:site_name\" content=\"Rechtsanw\u00e4ltin Beate Rabe\" \/>\n<meta property=\"article:modified_time\" content=\"2020-05-27T10:38:01+00:00\" \/>\n<meta property=\"og:image\" content=\"https:\/\/anwalt-rabe.de\/wp-content\/uploads\/2020\/05\/Family-2-e1589318976816.jpg\" \/>\n\t<meta property=\"og:image:width\" content=\"600\" \/>\n\t<meta property=\"og:image:height\" content=\"400\" \/>\n\t<meta property=\"og:image:type\" content=\"image\/jpeg\" \/>\n<meta name=\"twitter:card\" content=\"summary_large_image\" \/>\n<meta name=\"twitter:label1\" content=\"Gesch\u00e4tzte Lesezeit\" \/>\n\t<meta name=\"twitter:data1\" content=\"1\u00a0Minute\" \/>\n<script type=\"application\/ld+json\" class=\"yoast-schema-graph\">{\"@context\":\"https:\\\/\\\/schema.org\",\"@graph\":[{\"@type\":\"WebPage\",\"@id\":\"https:\\\/\\\/anwalt-rabe.de\\\/?page_id=31\",\"url\":\"https:\\\/\\\/anwalt-rabe.de\\\/?page_id=31\",\"name\":\"\u00dcber mich - Rechtsanw\u00e4ltin Beate Rabe\",\"isPartOf\":{\"@id\":\"https:\\\/\\\/anwalt-rabe.de\\\/#website\"},\"primaryImageOfPage\":{\"@id\":\"https:\\\/\\\/anwalt-rabe.de\\\/?page_id=31#primaryimage\"},\"image\":{\"@id\":\"https:\\\/\\\/anwalt-rabe.de\\\/?page_id=31#primaryimage\"},\"thumbnailUrl\":\"https:\\\/\\\/anwalt-rabe.de\\\/wp-content\\\/uploads\\\/2020\\\/05\\\/Family-2-e1589318976816.jpg\",\"datePublished\":\"2020-05-12T20:58:42+00:00\",\"dateModified\":\"2020-05-27T10:38:01+00:00\",\"breadcrumb\":{\"@id\":\"https:\\\/\\\/anwalt-rabe.de\\\/?page_id=31#breadcrumb\"},\"inLanguage\":\"de\",\"potentialAction\":[{\"@type\":\"ReadAction\",\"target\":[\"https:\\\/\\\/anwalt-rabe.de\\\/?page_id=31\"]}]},{\"@type\":\"ImageObject\",\"inLanguage\":\"de\",\"@id\":\"https:\\\/\\\/anwalt-rabe.de\\\/?page_id=31#primaryimage\",\"url\":\"https:\\\/\\\/anwalt-rabe.de\\\/wp-content\\\/uploads\\\/2020\\\/05\\\/Family-2-e1589318976816.jpg\",\"contentUrl\":\"https:\\\/\\\/anwalt-rabe.de\\\/wp-content\\\/uploads\\\/2020\\\/05\\\/Family-2-e1589318976816.jpg\",\"width\":600,\"height\":400,\"caption\":\"Foto Beate Rabe\"},{\"@type\":\"BreadcrumbList\",\"@id\":\"https:\\\/\\\/anwalt-rabe.de\\\/?page_id=31#breadcrumb\",\"itemListElement\":[{\"@type\":\"ListItem\",\"position\":1,\"name\":\"Startseite\",\"item\":\"https:\\\/\\\/anwalt-rabe.de\\\/\"},{\"@type\":\"ListItem\",\"position\":2,\"name\":\"\u00dcber mich\"}]},{\"@type\":\"WebSite\",\"@id\":\"https:\\\/\\\/anwalt-rabe.de\\\/#website\",\"url\":\"https:\\\/\\\/anwalt-rabe.de\\\/\",\"name\":\"Rechtsanw\u00e4ltin Beate Rabe\",\"description\":\"Rechtsanwaltskanzlei Rabe Nelte Wiesbaden\",\"publisher\":{\"@id\":\"https:\\\/\\\/anwalt-rabe.de\\\/#organization\"},\"potentialAction\":[{\"@type\":\"SearchAction\",\"target\":{\"@type\":\"EntryPoint\",\"urlTemplate\":\"https:\\\/\\\/anwalt-rabe.de\\\/?s={search_term_string}\"},\"query-input\":{\"@type\":\"PropertyValueSpecification\",\"valueRequired\":true,\"valueName\":\"search_term_string\"}}],\"inLanguage\":\"de\"},{\"@type\":\"Organization\",\"@id\":\"https:\\\/\\\/anwalt-rabe.de\\\/#organization\",\"name\":\"Rechtsanw\u00e4ltin Beate Rabe\",\"url\":\"https:\\\/\\\/anwalt-rabe.de\\\/\",\"logo\":{\"@type\":\"ImageObject\",\"inLanguage\":\"de\",\"@id\":\"https:\\\/\\\/anwalt-rabe.de\\\/#\\\/schema\\\/logo\\\/image\\\/\",\"url\":\"https:\\\/\\\/anwalt-rabe.de\\\/wp-content\\\/uploads\\\/2020\\\/05\\\/Family-2-e1589318976816.jpg\",\"contentUrl\":\"https:\\\/\\\/anwalt-rabe.de\\\/wp-content\\\/uploads\\\/2020\\\/05\\\/Family-2-e1589318976816.jpg\",\"width\":600,\"height\":400,\"caption\":\"Rechtsanw\u00e4ltin Beate Rabe\"},\"image\":{\"@id\":\"https:\\\/\\\/anwalt-rabe.de\\\/#\\\/schema\\\/logo\\\/image\\\/\"}}]}<\/script>\n<!-- \/ Yoast SEO plugin. -->","yoast_head_json":{"title":"\u00dcber mich - Rechtsanw\u00e4ltin Beate Rabe","robots":{"index":"index","follow":"follow","max-snippet":"max-snippet:-1","max-image-preview":"max-image-preview:large","max-video-preview":"max-video-preview:-1"},"canonical":"https:\/\/anwalt-rabe.de\/?page_id=31","og_locale":"de_DE","og_type":"article","og_title":"\u00dcber mich - Rechtsanw\u00e4ltin Beate Rabe","og_description":"Das Studium der Rechtswissenschaften absolvierte ich in Marburg und das Rechtsreferat in Darmstadt mit einer Station beim Oberlandesgericht in Frankfurt am Main. Nach meiner Anwaltszulassung arbeitete ich zun\u00e4chst mehrere Jahre bei der Kanzlei Aschoff, D\u00f6ll &amp; Partner in Darmstadt, bevor ich familienbedingt meine T\u00e4tigkeit in Nordhessen als selbstst\u00e4ndige Anw\u00e4ltin fortsetzte. Nach einer Familienauszeit und einem&hellip;","og_url":"https:\/\/anwalt-rabe.de\/?page_id=31","og_site_name":"Rechtsanw\u00e4ltin Beate Rabe","article_modified_time":"2020-05-27T10:38:01+00:00","og_image":[{"width":600,"height":400,"url":"https:\/\/anwalt-rabe.de\/wp-content\/uploads\/2020\/05\/Family-2-e1589318976816.jpg","type":"image\/jpeg"}],"twitter_card":"summary_large_image","twitter_misc":{"Gesch\u00e4tzte Lesezeit":"1\u00a0Minute"},"schema":{"@context":"https:\/\/schema.org","@graph":[{"@type":"WebPage","@id":"https:\/\/anwalt-rabe.de\/?page_id=31","url":"https:\/\/anwalt-rabe.de\/?page_id=31","name":"\u00dcber mich - Rechtsanw\u00e4ltin Beate Rabe","isPartOf":{"@id":"https:\/\/anwalt-rabe.de\/#website"},"primaryImageOfPage":{"@id":"https:\/\/anwalt-rabe.de\/?page_id=31#primaryimage"},"image":{"@id":"https:\/\/anwalt-rabe.de\/?page_id=31#primaryimage"},"thumbnailUrl":"https:\/\/anwalt-rabe.de\/wp-content\/uploads\/2020\/05\/Family-2-e1589318976816.jpg","datePublished":"2020-05-12T20:58:42+00:00","dateModified":"2020-05-27T10:38:01+00:00","breadcrumb":{"@id":"https:\/\/anwalt-rabe.de\/?page_id=31#breadcrumb"},"inLanguage":"de","potentialAction":[{"@type":"ReadAction","target":["https:\/\/anwalt-rabe.de\/?page_id=31"]}]},{"@type":"ImageObject","inLanguage":"de","@id":"https:\/\/anwalt-rabe.de\/?page_id=31#primaryimage","url":"https:\/\/anwalt-rabe.de\/wp-content\/uploads\/2020\/05\/Family-2-e1589318976816.jpg","contentUrl":"https:\/\/anwalt-rabe.de\/wp-content\/uploads\/2020\/05\/Family-2-e1589318976816.jpg","width":600,"height":400,"caption":"Foto Beate Rabe"},{"@type":"BreadcrumbList","@id":"https:\/\/anwalt-rabe.de\/?page_id=31#breadcrumb","itemListElement":[{"@type":"ListItem","position":1,"name":"Startseite","item":"https:\/\/anwalt-rabe.de\/"},{"@type":"ListItem","position":2,"name":"\u00dcber mich"}]},{"@type":"WebSite","@id":"https:\/\/anwalt-rabe.de\/#website","url":"https:\/\/anwalt-rabe.de\/","name":"Rechtsanw\u00e4ltin Beate Rabe","description":"Rechtsanwaltskanzlei Rabe Nelte Wiesbaden","publisher":{"@id":"https:\/\/anwalt-rabe.de\/#organization"},"potentialAction":[{"@type":"SearchAction","target":{"@type":"EntryPoint","urlTemplate":"https:\/\/anwalt-rabe.de\/?s={search_term_string}"},"query-input":{"@type":"PropertyValueSpecification","valueRequired":true,"valueName":"search_term_string"}}],"inLanguage":"de"},{"@type":"Organization","@id":"https:\/\/anwalt-rabe.de\/#organization","name":"Rechtsanw\u00e4ltin Beate Rabe","url":"https:\/\/anwalt-rabe.de\/","logo":{"@type":"ImageObject","inLanguage":"de","@id":"https:\/\/anwalt-rabe.de\/#\/schema\/logo\/image\/","url":"https:\/\/anwalt-rabe.de\/wp-content\/uploads\/2020\/05\/Family-2-e1589318976816.jpg","contentUrl":"https:\/\/anwalt-rabe.de\/wp-content\/uploads\/2020\/05\/Family-2-e1589318976816.jpg","width":600,"height":400,"caption":"Rechtsanw\u00e4ltin Beate Rabe"},"image":{"@id":"https:\/\/anwalt-rabe.de\/#\/schema\/logo\/image\/"}}]}},"_links":{"self":[{"href":"https:\/\/anwalt-rabe.de\/index.php?rest_route=\/wp\/v2\/pages\/31","targetHints":{"allow":["GET"]}}],"collection":[{"href":"https:\/\/anwalt-rabe.de\/index.php?rest_route=\/wp\/v2\/pages"}],"about":[{"href":"https:\/\/anwalt-rabe.de\/index.php?rest_route=\/wp\/v2\/types\/page"}],"author":[{"embeddable":true,"href":"https:\/\/anwalt-rabe.de\/index.php?rest_route=\/wp\/v2\/users\/2"}],"replies":[{"embeddable":true,"href":"https:\/\/anwalt-rabe.de\/index.php?rest_route=%2Fwp%2Fv2%2Fcomments&post=31"}],"version-history":[{"count":8,"href":"https:\/\/anwalt-rabe.de\/index.php?rest_route=\/wp\/v2\/pages\/31\/revisions"}],"predecessor-version":[{"id":128,"href":"https:\/\/anwalt-rabe.de\/index.php?rest_route=\/wp\/v2\/pages\/31\/revisions\/128"}],"wp:featuredmedia":[{"embeddable":true,"href":"https:\/\/anwalt-rabe.de\/index.php?rest_route=\/wp\/v2\/media\/50"}],"wp:attachment":[{"href":"https:\/\/anwalt-rabe.de\/index.php?rest_route=%2Fwp%2Fv2%2Fmedia&parent=31"}],"curies":[{"name":"wp","href":"https:\/\/api.w.org\/{rel}","templated":true}]}}