{"id":36,"date":"2020-05-12T22:21:19","date_gmt":"2020-05-12T21:21:19","guid":{"rendered":"http:\/\/rabe-nelte-kanzlei.eu\/?page_id=36"},"modified":"2021-01-08T13:20:08","modified_gmt":"2021-01-08T12:20:08","slug":"kontakt","status":"publish","type":"page","link":"https:\/\/anwalt-rabe.de\/?page_id=36","title":{"rendered":"Kontakt"},"content":{"rendered":"\n<p>Sie m\u00f6chten einen Besprechungstermin vereinbaren, haben eine Frage oder ein Anliegen?<\/p>\n\n\n\n<p>Sie k\u00f6nnen uns Montag bis Freitag von 09.30 Uhr bis 12.30 Uhr<br>und von 14.30 Uhr bis 17.00 Uhr telefonisch erreichen.<\/p>\n\n\n\n<p>Mittwochnachmittag sind keine Sprechzeiten. <\/p>\n\n\n\n<div class=\"wp-block-media-text alignwide has-media-on-the-right is-stacked-on-mobile\" style=\"grid-template-columns:auto 42%\"><figure class=\"wp-block-media-text__media\"><img loading=\"lazy\" decoding=\"async\" width=\"1024\" height=\"793\" src=\"https:\/\/rabe-nelte-kanzlei.eu\/wp-content\/uploads\/2020\/01\/aussen-1024x793.jpg\" alt=\"Geb\u00e4ude\" class=\"wp-image-17 size-full\" srcset=\"https:\/\/anwalt-rabe.de\/wp-content\/uploads\/2020\/01\/aussen-1024x793.jpg 1024w, https:\/\/anwalt-rabe.de\/wp-content\/uploads\/2020\/01\/aussen-300x232.jpg 300w, https:\/\/anwalt-rabe.de\/wp-content\/uploads\/2020\/01\/aussen-768x595.jpg 768w, https:\/\/anwalt-rabe.de\/wp-content\/uploads\/2020\/01\/aussen-1536x1189.jpg 1536w, https:\/\/anwalt-rabe.de\/wp-content\/uploads\/2020\/01\/aussen-2048x1586.jpg 2048w, https:\/\/anwalt-rabe.de\/wp-content\/uploads\/2020\/01\/aussen-1200x929.jpg 1200w, https:\/\/anwalt-rabe.de\/wp-content\/uploads\/2020\/01\/aussen-1980x1533.jpg 1980w\" sizes=\"auto, (max-width: 1024px) 100vw, 1024px\" \/><\/figure><div class=\"wp-block-media-text__content\">\n<ul class=\"wp-block-list\"><li>Bahnhofstra\u00dfe 63<br>65185 Wiesbaden<\/li><li>Tel <a href=\"tel:+4906119006777\">+49 (0) 611 900 6 777 <\/a><\/li><li>Fax +49 (0) 611 900 6 770<\/li><li><a href=\"mailto:info@anwalt-rabe.de\">info@anwalt-rabe.de<\/a><\/li><\/ul>\n<\/div><\/div>\n\n\n\n<p><\/p>\n","protected":false},"excerpt":{"rendered":"<p>Sie m\u00f6chten einen Besprechungstermin vereinbaren, haben eine Frage oder ein Anliegen? Sie k\u00f6nnen uns Montag bis Freitag von 09.30 Uhr bis 12.30 Uhrund von 14.30 Uhr bis 17.00 Uhr telefonisch erreichen. Mittwochnachmittag sind keine Sprechzeiten. Bahnhofstra\u00dfe 6365185 Wiesbaden Tel +49 (0) 611 900 6 777 Fax +49 (0) 611 900 6 770 info@anwalt-rabe.de<\/p>\n","protected":false},"author":1,"featured_media":0,"parent":0,"menu_order":0,"comment_status":"closed","ping_status":"closed","template":"","meta":{"footnotes":""},"class_list":["post-36","page","type-page","status-publish","hentry"],"yoast_head":"<!-- This site is optimized with the Yoast SEO plugin v27.5 - https:\/\/yoast.com\/product\/yoast-seo-wordpress\/ -->\n<title>Kontakt - Rechtsanw\u00e4ltin Beate Rabe<\/title>\n<meta name=\"robots\" content=\"index, follow, max-snippet:-1, max-image-preview:large, max-video-preview:-1\" \/>\n<link rel=\"canonical\" href=\"https:\/\/anwalt-rabe.de\/?page_id=36\" \/>\n<meta property=\"og:locale\" content=\"de_DE\" \/>\n<meta property=\"og:type\" content=\"article\" \/>\n<meta property=\"og:title\" content=\"Kontakt - Rechtsanw\u00e4ltin Beate Rabe\" \/>\n<meta property=\"og:description\" content=\"Sie m\u00f6chten einen Besprechungstermin vereinbaren, haben eine Frage oder ein Anliegen? Sie k\u00f6nnen uns Montag bis Freitag von 09.30 Uhr bis 12.30 Uhrund von 14.30 Uhr bis 17.00 Uhr telefonisch erreichen. Mittwochnachmittag sind keine Sprechzeiten. Bahnhofstra\u00dfe 6365185 Wiesbaden Tel +49 (0) 611 900 6 777 Fax +49 (0) 611 900 6 770 info@anwalt-rabe.de\" \/>\n<meta property=\"og:url\" content=\"https:\/\/anwalt-rabe.de\/?page_id=36\" \/>\n<meta property=\"og:site_name\" content=\"Rechtsanw\u00e4ltin Beate Rabe\" \/>\n<meta property=\"article:modified_time\" content=\"2021-01-08T12:20:08+00:00\" \/>\n<meta property=\"og:image\" content=\"https:\/\/rabe-nelte-kanzlei.eu\/wp-content\/uploads\/2020\/01\/aussen-1024x793.jpg\" \/>\n<meta name=\"twitter:card\" content=\"summary_large_image\" \/>\n<script type=\"application\/ld+json\" class=\"yoast-schema-graph\">{\"@context\":\"https:\\\/\\\/schema.org\",\"@graph\":[{\"@type\":\"WebPage\",\"@id\":\"https:\\\/\\\/anwalt-rabe.de\\\/?page_id=36\",\"url\":\"https:\\\/\\\/anwalt-rabe.de\\\/?page_id=36\",\"name\":\"Kontakt - Rechtsanw\u00e4ltin Beate Rabe\",\"isPartOf\":{\"@id\":\"https:\\\/\\\/anwalt-rabe.de\\\/#website\"},\"primaryImageOfPage\":{\"@id\":\"https:\\\/\\\/anwalt-rabe.de\\\/?page_id=36#primaryimage\"},\"image\":{\"@id\":\"https:\\\/\\\/anwalt-rabe.de\\\/?page_id=36#primaryimage\"},\"thumbnailUrl\":\"https:\\\/\\\/rabe-nelte-kanzlei.eu\\\/wp-content\\\/uploads\\\/2020\\\/01\\\/aussen-1024x793.jpg\",\"datePublished\":\"2020-05-12T21:21:19+00:00\",\"dateModified\":\"2021-01-08T12:20:08+00:00\",\"breadcrumb\":{\"@id\":\"https:\\\/\\\/anwalt-rabe.de\\\/?page_id=36#breadcrumb\"},\"inLanguage\":\"de\",\"potentialAction\":[{\"@type\":\"ReadAction\",\"target\":[\"https:\\\/\\\/anwalt-rabe.de\\\/?page_id=36\"]}]},{\"@type\":\"ImageObject\",\"inLanguage\":\"de\",\"@id\":\"https:\\\/\\\/anwalt-rabe.de\\\/?page_id=36#primaryimage\",\"url\":\"https:\\\/\\\/rabe-nelte-kanzlei.eu\\\/wp-content\\\/uploads\\\/2020\\\/01\\\/aussen-1024x793.jpg\",\"contentUrl\":\"https:\\\/\\\/rabe-nelte-kanzlei.eu\\\/wp-content\\\/uploads\\\/2020\\\/01\\\/aussen-1024x793.jpg\"},{\"@type\":\"BreadcrumbList\",\"@id\":\"https:\\\/\\\/anwalt-rabe.de\\\/?page_id=36#breadcrumb\",\"itemListElement\":[{\"@type\":\"ListItem\",\"position\":1,\"name\":\"Startseite\",\"item\":\"https:\\\/\\\/anwalt-rabe.de\\\/\"},{\"@type\":\"ListItem\",\"position\":2,\"name\":\"Kontakt\"}]},{\"@type\":\"WebSite\",\"@id\":\"https:\\\/\\\/anwalt-rabe.de\\\/#website\",\"url\":\"https:\\\/\\\/anwalt-rabe.de\\\/\",\"name\":\"Rechtsanw\u00e4ltin Beate Rabe\",\"description\":\"Rechtsanwaltskanzlei Rabe Nelte Wiesbaden\",\"publisher\":{\"@id\":\"https:\\\/\\\/anwalt-rabe.de\\\/#organization\"},\"potentialAction\":[{\"@type\":\"SearchAction\",\"target\":{\"@type\":\"EntryPoint\",\"urlTemplate\":\"https:\\\/\\\/anwalt-rabe.de\\\/?s={search_term_string}\"},\"query-input\":{\"@type\":\"PropertyValueSpecification\",\"valueRequired\":true,\"valueName\":\"search_term_string\"}}],\"inLanguage\":\"de\"},{\"@type\":\"Organization\",\"@id\":\"https:\\\/\\\/anwalt-rabe.de\\\/#organization\",\"name\":\"Rechtsanw\u00e4ltin Beate Rabe\",\"url\":\"https:\\\/\\\/anwalt-rabe.de\\\/\",\"logo\":{\"@type\":\"ImageObject\",\"inLanguage\":\"de\",\"@id\":\"https:\\\/\\\/anwalt-rabe.de\\\/#\\\/schema\\\/logo\\\/image\\\/\",\"url\":\"https:\\\/\\\/anwalt-rabe.de\\\/wp-content\\\/uploads\\\/2020\\\/05\\\/Family-2-e1589318976816.jpg\",\"contentUrl\":\"https:\\\/\\\/anwalt-rabe.de\\\/wp-content\\\/uploads\\\/2020\\\/05\\\/Family-2-e1589318976816.jpg\",\"width\":600,\"height\":400,\"caption\":\"Rechtsanw\u00e4ltin Beate Rabe\"},\"image\":{\"@id\":\"https:\\\/\\\/anwalt-rabe.de\\\/#\\\/schema\\\/logo\\\/image\\\/\"}}]}<\/script>\n<!-- \/ Yoast SEO plugin. -->","yoast_head_json":{"title":"Kontakt - Rechtsanw\u00e4ltin Beate Rabe","robots":{"index":"index","follow":"follow","max-snippet":"max-snippet:-1","max-image-preview":"max-image-preview:large","max-video-preview":"max-video-preview:-1"},"canonical":"https:\/\/anwalt-rabe.de\/?page_id=36","og_locale":"de_DE","og_type":"article","og_title":"Kontakt - Rechtsanw\u00e4ltin Beate Rabe","og_description":"Sie m\u00f6chten einen Besprechungstermin vereinbaren, haben eine Frage oder ein Anliegen? Sie k\u00f6nnen uns Montag bis Freitag von 09.30 Uhr bis 12.30 Uhrund von 14.30 Uhr bis 17.00 Uhr telefonisch erreichen. Mittwochnachmittag sind keine Sprechzeiten. Bahnhofstra\u00dfe 6365185 Wiesbaden Tel +49 (0) 611 900 6 777 Fax +49 (0) 611 900 6 770 info@anwalt-rabe.de","og_url":"https:\/\/anwalt-rabe.de\/?page_id=36","og_site_name":"Rechtsanw\u00e4ltin Beate Rabe","article_modified_time":"2021-01-08T12:20:08+00:00","og_image":[{"url":"https:\/\/rabe-nelte-kanzlei.eu\/wp-content\/uploads\/2020\/01\/aussen-1024x793.jpg","type":"","width":"","height":""}],"twitter_card":"summary_large_image","schema":{"@context":"https:\/\/schema.org","@graph":[{"@type":"WebPage","@id":"https:\/\/anwalt-rabe.de\/?page_id=36","url":"https:\/\/anwalt-rabe.de\/?page_id=36","name":"Kontakt - Rechtsanw\u00e4ltin Beate Rabe","isPartOf":{"@id":"https:\/\/anwalt-rabe.de\/#website"},"primaryImageOfPage":{"@id":"https:\/\/anwalt-rabe.de\/?page_id=36#primaryimage"},"image":{"@id":"https:\/\/anwalt-rabe.de\/?page_id=36#primaryimage"},"thumbnailUrl":"https:\/\/rabe-nelte-kanzlei.eu\/wp-content\/uploads\/2020\/01\/aussen-1024x793.jpg","datePublished":"2020-05-12T21:21:19+00:00","dateModified":"2021-01-08T12:20:08+00:00","breadcrumb":{"@id":"https:\/\/anwalt-rabe.de\/?page_id=36#breadcrumb"},"inLanguage":"de","potentialAction":[{"@type":"ReadAction","target":["https:\/\/anwalt-rabe.de\/?page_id=36"]}]},{"@type":"ImageObject","inLanguage":"de","@id":"https:\/\/anwalt-rabe.de\/?page_id=36#primaryimage","url":"https:\/\/rabe-nelte-kanzlei.eu\/wp-content\/uploads\/2020\/01\/aussen-1024x793.jpg","contentUrl":"https:\/\/rabe-nelte-kanzlei.eu\/wp-content\/uploads\/2020\/01\/aussen-1024x793.jpg"},{"@type":"BreadcrumbList","@id":"https:\/\/anwalt-rabe.de\/?page_id=36#breadcrumb","itemListElement":[{"@type":"ListItem","position":1,"name":"Startseite","item":"https:\/\/anwalt-rabe.de\/"},{"@type":"ListItem","position":2,"name":"Kontakt"}]},{"@type":"WebSite","@id":"https:\/\/anwalt-rabe.de\/#website","url":"https:\/\/anwalt-rabe.de\/","name":"Rechtsanw\u00e4ltin Beate Rabe","description":"Rechtsanwaltskanzlei Rabe Nelte Wiesbaden","publisher":{"@id":"https:\/\/anwalt-rabe.de\/#organization"},"potentialAction":[{"@type":"SearchAction","target":{"@type":"EntryPoint","urlTemplate":"https:\/\/anwalt-rabe.de\/?s={search_term_string}"},"query-input":{"@type":"PropertyValueSpecification","valueRequired":true,"valueName":"search_term_string"}}],"inLanguage":"de"},{"@type":"Organization","@id":"https:\/\/anwalt-rabe.de\/#organization","name":"Rechtsanw\u00e4ltin Beate Rabe","url":"https:\/\/anwalt-rabe.de\/","logo":{"@type":"ImageObject","inLanguage":"de","@id":"https:\/\/anwalt-rabe.de\/#\/schema\/logo\/image\/","url":"https:\/\/anwalt-rabe.de\/wp-content\/uploads\/2020\/05\/Family-2-e1589318976816.jpg","contentUrl":"https:\/\/anwalt-rabe.de\/wp-content\/uploads\/2020\/05\/Family-2-e1589318976816.jpg","width":600,"height":400,"caption":"Rechtsanw\u00e4ltin Beate Rabe"},"image":{"@id":"https:\/\/anwalt-rabe.de\/#\/schema\/logo\/image\/"}}]}},"_links":{"self":[{"href":"https:\/\/anwalt-rabe.de\/index.php?rest_route=\/wp\/v2\/pages\/36","targetHints":{"allow":["GET"]}}],"collection":[{"href":"https:\/\/anwalt-rabe.de\/index.php?rest_route=\/wp\/v2\/pages"}],"about":[{"href":"https:\/\/anwalt-rabe.de\/index.php?rest_route=\/wp\/v2\/types\/page"}],"author":[{"embeddable":true,"href":"https:\/\/anwalt-rabe.de\/index.php?rest_route=\/wp\/v2\/users\/1"}],"replies":[{"embeddable":true,"href":"https:\/\/anwalt-rabe.de\/index.php?rest_route=%2Fwp%2Fv2%2Fcomments&post=36"}],"version-history":[{"count":6,"href":"https:\/\/anwalt-rabe.de\/index.php?rest_route=\/wp\/v2\/pages\/36\/revisions"}],"predecessor-version":[{"id":135,"href":"https:\/\/anwalt-rabe.de\/index.php?rest_route=\/wp\/v2\/pages\/36\/revisions\/135"}],"wp:attachment":[{"href":"https:\/\/anwalt-rabe.de\/index.php?rest_route=%2Fwp%2Fv2%2Fmedia&parent=36"}],"curies":[{"name":"wp","href":"https:\/\/api.w.org\/{rel}","templated":true}]}}